{"id":979,"date":"2020-01-14T17:08:34","date_gmt":"2020-01-14T16:08:34","guid":{"rendered":"http:\/\/192.1.9.170:8090\/?page_id=979"},"modified":"2020-01-22T12:29:22","modified_gmt":"2020-01-22T11:29:22","slug":"privacy-policy-it","status":"publish","type":"page","link":"http:\/\/www.fiore.it\/it\/privacy-policy-it\/","title":{"rendered":"Privacy Policy"},"content":{"rendered":"\t\t<div data-elementor-type=\"wp-page\" data-elementor-id=\"979\" class=\"elementor elementor-979\">\n\t\t\t\t\t\t<section class=\"elementor-section elementor-top-section elementor-element elementor-element-b07c261 elementor-section-boxed elementor-section-height-default elementor-section-height-default\" data-id=\"b07c261\" data-element_type=\"section\" data-e-type=\"section\">\n\t\t\t\t\t\t<div class=\"elementor-container elementor-column-gap-default\">\n\t\t\t\t\t<div class=\"elementor-column elementor-col-100 elementor-top-column elementor-element elementor-element-3c5eea8\" data-id=\"3c5eea8\" data-element_type=\"column\" data-e-type=\"column\">\n\t\t\t<div class=\"elementor-widget-wrap elementor-element-populated\">\n\t\t\t\t\t\t<div class=\"elementor-element elementor-element-f07334f elementor-widget elementor-widget-heading\" data-id=\"f07334f\" data-element_type=\"widget\" data-e-type=\"widget\" data-widget_type=\"heading.default\">\n\t\t\t\t<div class=\"elementor-widget-container\">\n\t\t\t\t\t<h3 class=\"elementor-heading-title elementor-size-default\">Informativa privacy<\/h3>\t\t\t\t<\/div>\n\t\t\t\t<\/div>\n\t\t\t\t<div class=\"elementor-element elementor-element-8933607 elementor-widget-divider--view-line elementor-widget elementor-widget-divider\" data-id=\"8933607\" data-element_type=\"widget\" data-e-type=\"widget\" data-widget_type=\"divider.default\">\n\t\t\t\t<div class=\"elementor-widget-container\">\n\t\t\t\t\t\t\t<div class=\"elementor-divider\">\n\t\t\t<span class=\"elementor-divider-separator\">\n\t\t\t\t\t\t<\/span>\n\t\t<\/div>\n\t\t\t\t\t\t<\/div>\n\t\t\t\t<\/div>\n\t\t\t\t\t<\/div>\n\t\t<\/div>\n\t\t\t\t\t<\/div>\n\t\t<\/section>\n\t\t\t\t<section class=\"elementor-section elementor-top-section elementor-element elementor-element-bd36591 elementor-section-boxed elementor-section-height-default elementor-section-height-default\" data-id=\"bd36591\" data-element_type=\"section\" data-e-type=\"section\">\n\t\t\t\t\t\t<div class=\"elementor-container elementor-column-gap-default\">\n\t\t\t\t\t<div class=\"elementor-column elementor-col-100 elementor-top-column elementor-element elementor-element-5f65eed\" data-id=\"5f65eed\" data-element_type=\"column\" data-e-type=\"column\">\n\t\t\t<div class=\"elementor-widget-wrap elementor-element-populated\">\n\t\t\t\t\t\t<div class=\"elementor-element elementor-element-6416cf0 elementor-widget elementor-widget-text-editor\" data-id=\"6416cf0\" data-element_type=\"widget\" data-e-type=\"widget\" data-widget_type=\"text-editor.default\">\n\t\t\t\t<div class=\"elementor-widget-container\">\n\t\t\t\t\t\t\t\t\t<p>Privacy Policy di www.fiore.it &#8211; Creazione e produzione: Fiore<\/p>\t\t\t\t\t\t\t\t<\/div>\n\t\t\t\t<\/div>\n\t\t\t\t\t<\/div>\n\t\t<\/div>\n\t\t\t\t\t<\/div>\n\t\t<\/section>\n\t\t\t\t<section class=\"elementor-section elementor-top-section elementor-element elementor-element-4eeca1f elementor-section-boxed elementor-section-height-default elementor-section-height-default\" data-id=\"4eeca1f\" data-element_type=\"section\" data-e-type=\"section\">\n\t\t\t\t\t\t<div class=\"elementor-container elementor-column-gap-default\">\n\t\t\t\t\t<div class=\"elementor-column elementor-col-100 elementor-top-column elementor-element elementor-element-059290d\" data-id=\"059290d\" data-element_type=\"column\" data-e-type=\"column\">\n\t\t\t<div class=\"elementor-widget-wrap elementor-element-populated\">\n\t\t\t\t\t\t<div class=\"elementor-element elementor-element-4ea3020 elementor-widget elementor-widget-spacer\" data-id=\"4ea3020\" data-element_type=\"widget\" data-e-type=\"widget\" data-widget_type=\"spacer.default\">\n\t\t\t\t<div class=\"elementor-widget-container\">\n\t\t\t\t\t\t\t<div class=\"elementor-spacer\">\n\t\t\t<div class=\"elementor-spacer-inner\"><\/div>\n\t\t<\/div>\n\t\t\t\t\t\t<\/div>\n\t\t\t\t<\/div>\n\t\t\t\t\t<\/div>\n\t\t<\/div>\n\t\t\t\t\t<\/div>\n\t\t<\/section>\n\t\t\t\t<section class=\"elementor-section elementor-top-section elementor-element elementor-element-9bae27a elementor-section-boxed elementor-section-height-default elementor-section-height-default\" data-id=\"9bae27a\" data-element_type=\"section\" data-e-type=\"section\">\n\t\t\t\t\t\t<div class=\"elementor-container elementor-column-gap-default\">\n\t\t\t\t\t<div class=\"elementor-column elementor-col-100 elementor-top-column elementor-element elementor-element-f07df64\" data-id=\"f07df64\" data-element_type=\"column\" data-e-type=\"column\">\n\t\t\t<div class=\"elementor-widget-wrap elementor-element-populated\">\n\t\t\t\t\t\t<div class=\"elementor-element elementor-element-0c140ec elementor-widget elementor-widget-text-editor\" data-id=\"0c140ec\" data-element_type=\"widget\" data-e-type=\"widget\" data-widget_type=\"text-editor.default\">\n\t\t\t\t<div class=\"elementor-widget-container\">\n\t\t\t\t\t\t\t\t\t<p>Informativa sul trattamento dei dati personali\u00a0 &#8211; Regolamento Europeo Protezione dei Dati n.2016\/679 (&#8220;GDPR&#8221;)\/D. Lgs 30.6.2003 n.196<\/p>\t\t\t\t\t\t\t\t<\/div>\n\t\t\t\t<\/div>\n\t\t\t\t\t<\/div>\n\t\t<\/div>\n\t\t\t\t\t<\/div>\n\t\t<\/section>\n\t\t\t\t<section class=\"elementor-section elementor-top-section elementor-element elementor-element-5cca760 elementor-section-boxed elementor-section-height-default elementor-section-height-default\" data-id=\"5cca760\" data-element_type=\"section\" data-e-type=\"section\">\n\t\t\t\t\t\t<div class=\"elementor-container elementor-column-gap-default\">\n\t\t\t\t\t<div class=\"elementor-column elementor-col-100 elementor-top-column elementor-element elementor-element-8a9abe9\" data-id=\"8a9abe9\" data-element_type=\"column\" data-e-type=\"column\">\n\t\t\t<div class=\"elementor-widget-wrap elementor-element-populated\">\n\t\t\t\t\t\t<div class=\"elementor-element elementor-element-8fd676b elementor-widget elementor-widget-text-editor\" data-id=\"8fd676b\" data-element_type=\"widget\" data-e-type=\"widget\" data-widget_type=\"text-editor.default\">\n\t\t\t\t<div class=\"elementor-widget-container\">\n\t\t\t\t\t\t\t\t\t<p>Fiore Rubinetterie Srl, con sede legale in Via Maggiate 69\/C &#8211; 28021 BORGOMANERO (NO) ai sensi e per l&#8217;effetto di quanto previsto dal D. Lgs. 30 giugno 2003 n.196 e successive modifiche ed integrazioni (Codice in materia di protezione dei dati personali o Codice della privacy) e del Regolamento Europeo sulla Protezione dei Dati n. 2016\/679 (&#8220;GDPR&#8221;), relativo alla protezione delle persone fisiche con riguardo al trattamento dei dati personali, nella qualit\u00e0 di Titolare del trattamento dei Suoi dati personali, con la presente la informa che la citata normativa prevede la tutela delle persone e di altri soggetti rispetto al trattamneto dei dati personali e che il trattamento da essa effettuato anche per il tramite delle strutture organizzative che prestano servizi per FIORE RUBINETTERIE SRL sar\u00e0 improntato ai principi di correttezza, liceit\u00e0, trasparenza e di tutela della sua riservatezza e dei suoi diritti.<\/p><p>I suoi dati personali verranno trattati in accordo alle disposizioni legislative della normativa sopra chiamata e degli obblighi di riservatezza e dei suoi diritti.<\/p>\t\t\t\t\t\t\t\t<\/div>\n\t\t\t\t<\/div>\n\t\t\t\t\t<\/div>\n\t\t<\/div>\n\t\t\t\t\t<\/div>\n\t\t<\/section>\n\t\t\t\t<section class=\"elementor-section elementor-top-section elementor-element elementor-element-6de186d elementor-section-boxed elementor-section-height-default elementor-section-height-default\" data-id=\"6de186d\" data-element_type=\"section\" data-e-type=\"section\">\n\t\t\t\t\t\t<div class=\"elementor-container elementor-column-gap-default\">\n\t\t\t\t\t<div class=\"elementor-column elementor-col-100 elementor-top-column elementor-element elementor-element-cc42b05\" data-id=\"cc42b05\" data-element_type=\"column\" data-e-type=\"column\">\n\t\t\t<div class=\"elementor-widget-wrap elementor-element-populated\">\n\t\t\t\t\t\t<div class=\"elementor-element elementor-element-d367d6e elementor-widget elementor-widget-text-editor\" data-id=\"d367d6e\" data-element_type=\"widget\" data-e-type=\"widget\" data-widget_type=\"text-editor.default\">\n\t\t\t\t<div class=\"elementor-widget-container\">\n\t\t\t\t\t\t\t\t\t<p>INFORMAZIONI<\/p>\t\t\t\t\t\t\t\t<\/div>\n\t\t\t\t<\/div>\n\t\t\t\t\t<\/div>\n\t\t<\/div>\n\t\t\t\t\t<\/div>\n\t\t<\/section>\n\t\t\t\t<section class=\"elementor-section elementor-top-section elementor-element elementor-element-92d9c22 elementor-section-boxed elementor-section-height-default elementor-section-height-default\" data-id=\"92d9c22\" data-element_type=\"section\" data-e-type=\"section\">\n\t\t\t\t\t\t<div class=\"elementor-container elementor-column-gap-default\">\n\t\t\t\t\t<div class=\"elementor-column elementor-col-100 elementor-top-column elementor-element elementor-element-b20455b\" data-id=\"b20455b\" data-element_type=\"column\" data-e-type=\"column\">\n\t\t\t<div class=\"elementor-widget-wrap elementor-element-populated\">\n\t\t\t\t\t\t<div class=\"elementor-element elementor-element-0d9aec5 elementor-widget elementor-widget-text-editor\" data-id=\"0d9aec5\" data-element_type=\"widget\" data-e-type=\"widget\" data-widget_type=\"text-editor.default\">\n\t\t\t\t<div class=\"elementor-widget-container\">\n\t\t\t\t\t\t\t\t\t<p>a) Titolare, Responsabile, incaricati: il Titolare del trattamento dei dati, ai sensi della legge, \u00e8 Fiore Rubinetterie Srl, con sede legale in Via Maggiate 69\/C &#8211; 28021 BORGOMANERO (NO) nella persona del suo Legale Rappresentante. L&#8217;elenco aggiornato dei responsabili e degli incaricati al trattamento \u00e8 custodito presso la sede del Titolare del trattamento.<\/p><p>b) Finalit\u00e0 del trattamento: i Suoi dati verranno trattati per le finalit\u00e0 connesse alla gestione del rapporto contrattuale in essere; a titolo meramente esemplificativo e non esaustivo rientrano in tale ambito: adempimenti obbligatori per legge in campo fiscale e contabile, gestione delle anagrafiche. Per le finalit\u00e0 amministrative, civilistiche, contabili e fiscali aventi come fronte normativa leggi e regolamenti, la base giuridica \u00e8 costituita dalle leggi collegate &#8211; nonch\u00e8 dai regolamenti dello stato italiano e delle normative dell&#8217;Unione Europea applicabili. Per le altre finalit\u00e0 di cui sopra, la base giuridica \u00e8 costituita dalla regolamentazione contrattuale posta in essere dalle parti. Il trattamento dei dati funzionali per l&#8217;esplemento di tali obblighi \u00e8 necessario per una corretta gestione del rapporto ed il loro conferimento \u00e8 obbligatorio per attuare le finalit\u00e0 sopra indicate.<\/p><p>Il Titolare rende noto inoltre che l&#8217;eventuale errata o mancata comunicazione di una delle informazioni obbligatorie, pu\u00f2 causare l&#8217;impossibilit\u00e0 del Titolare di garantire la congruit\u00e0 del trattamento stesso.<\/p><p>c) Modalit\u00e0 del trattamento: i Suoi dati personali potranno essere trattati nei seguenti modi: affidamento a terzi di operazioni di collaborazione, creazione di database, raccolta di dati per via informatica o telematica, trattamento manuale a mezzo archivi cartacei. Ogni trattamento avviene nel rispetto delle modalit\u00e0 di cui alla normativa sopra richiamata.<\/p><p>d) Eventuali destinatari o categorie di destinatari dei dati personali: i Suoi dati saranno conservati presso la nostra sede e saranno comunicati ai soggetti coinvolti nell&#8217;esplemento dei servizi necessari ad una corretta gestione del rapporto contrattuale\/commerciale intercorrente tra le parti.<\/p><p>I Suoi dati potranno essere comunicati a terzi, in particolare a: soggetti pubblici e\/o privati per i quali la comunicazione dei dati \u00e8 obbligatoria o necessaria in adempimento ad obblighi di legge o sia comunque funzionale all&#8217;amministrazione del rapporto, banche e istituti di credito.<\/p><p>e) Diffusione e trasferimento dei dati: i Suoi dati non verranno diffusi n\u00e8 vi \u00e8 intenzione di trasferire dati personali.<\/p>\t\t\t\t\t\t\t\t<\/div>\n\t\t\t\t<\/div>\n\t\t\t\t\t<\/div>\n\t\t<\/div>\n\t\t\t\t\t<\/div>\n\t\t<\/section>\n\t\t\t\t<section class=\"elementor-section elementor-top-section elementor-element elementor-element-9f34042 elementor-section-boxed elementor-section-height-default elementor-section-height-default\" data-id=\"9f34042\" data-element_type=\"section\" data-e-type=\"section\">\n\t\t\t\t\t\t<div class=\"elementor-container elementor-column-gap-default\">\n\t\t\t\t\t<div class=\"elementor-column elementor-col-100 elementor-top-column elementor-element elementor-element-046b66b\" data-id=\"046b66b\" data-element_type=\"column\" data-e-type=\"column\">\n\t\t\t<div class=\"elementor-widget-wrap elementor-element-populated\">\n\t\t\t\t\t\t<div class=\"elementor-element elementor-element-9e44fe0 elementor-widget elementor-widget-text-editor\" data-id=\"9e44fe0\" data-element_type=\"widget\" data-e-type=\"widget\" data-widget_type=\"text-editor.default\">\n\t\t\t\t<div class=\"elementor-widget-container\">\n\t\t\t\t\t\t\t\t\t<p>ULTERIORI INFORMAZIONI<\/p>\t\t\t\t\t\t\t\t<\/div>\n\t\t\t\t<\/div>\n\t\t\t\t\t<\/div>\n\t\t<\/div>\n\t\t\t\t\t<\/div>\n\t\t<\/section>\n\t\t\t\t<section class=\"elementor-section elementor-top-section elementor-element elementor-element-e692421 elementor-section-boxed elementor-section-height-default elementor-section-height-default\" data-id=\"e692421\" data-element_type=\"section\" data-e-type=\"section\">\n\t\t\t\t\t\t<div class=\"elementor-container elementor-column-gap-default\">\n\t\t\t\t\t<div class=\"elementor-column elementor-col-100 elementor-top-column elementor-element elementor-element-fecfdb6\" data-id=\"fecfdb6\" data-element_type=\"column\" data-e-type=\"column\">\n\t\t\t<div class=\"elementor-widget-wrap elementor-element-populated\">\n\t\t\t\t\t\t<div class=\"elementor-element elementor-element-c0cf4fb elementor-widget elementor-widget-text-editor\" data-id=\"c0cf4fb\" data-element_type=\"widget\" data-e-type=\"widget\" data-widget_type=\"text-editor.default\">\n\t\t\t\t<div class=\"elementor-widget-container\">\n\t\t\t\t\t\t\t\t\t<p>a) Diritti: Lei ha diritto di ottenere dal Titolare del trattamento la cancellazione, la comunicazione, la comunicazione, l&#8217;aggiornamento, la rettifica, l&#8217;integrazione dei dati personali che la riguardano, nonch\u00e8 in generale pu\u00f2 esercitare tutti i diritti previsti dagli articoli 16,17 e 18 del Regolamento Europeo sulla Protezione dei Dati n.2016\/679.<\/p><p>Lei ha inoltre il diritto di: chiedere al Titolare del trattamento l&#8217;accesso ai dati personali, la rettifica o la cancellazione degli stessi o la limitazione del trattamento che lo riguardano o di opporsi al loro trattamento, oltre il diritto alla portabilit\u00e0 dei dati; proporre un reclamo al Garante per la protezione dei dati personali, seguendo le procedure e le indicazioni pubblicate sul web ufficiale del garante stesso; l&#8217;esercizio dei diritti non \u00e8 soggetto ad alcun vincolo di forma \u00e8 gratuito.<\/p><p>b): Obbligatoriet\u00e0 di comunicazione dei dati: il conferimento dei dati personali al Titolare del trattamento \u00e8 un requisito indispensabile per il corretto adempimento degli obblighi legali e contrattuali che scaturiscono dai rapporti contrattuali in essere, effettuato ai fini e con le modalit\u00e0 sopra evidenziate. La mancata comunicazione dei dati comporta l&#8217;impossibilit\u00e0 per il titolare di effettuare i necessari trattamenti per le finalit\u00e0 sopra richiamate.<\/p><p>c): Dati personali particolari: non verranno trattati dati personali di categorie particolari.<\/p><p>\u00a0<\/p><p>Il titolare del trattamento\u00a0<\/p><p>FIORE RUBINETTERIE SRL<\/p>\t\t\t\t\t\t\t\t<\/div>\n\t\t\t\t<\/div>\n\t\t\t\t\t<\/div>\n\t\t<\/div>\n\t\t\t\t\t<\/div>\n\t\t<\/section>\n\t\t\t\t<\/div>\n\t\t","protected":false},"excerpt":{"rendered":"<p>Informativa privacy Privacy Policy di www.fiore.it &#8211; Creazione e produzione: Fiore Informativa sul trattamento dei dati personali&nbsp; &#8211; Regolamento Europeo Protezione dei [&hellip;]<\/p>\n","protected":false},"author":1,"featured_media":0,"parent":0,"menu_order":0,"comment_status":"closed","ping_status":"closed","template":"elementor_header_footer","meta":{"_acf_changed":false,"footnotes":""},"class_list":["post-979","page","type-page","status-publish","hentry"],"acf":[],"_links":{"self":[{"href":"http:\/\/www.fiore.it\/it\/wp-json\/wp\/v2\/pages\/979","targetHints":{"allow":["GET"]}}],"collection":[{"href":"http:\/\/www.fiore.it\/it\/wp-json\/wp\/v2\/pages"}],"about":[{"href":"http:\/\/www.fiore.it\/it\/wp-json\/wp\/v2\/types\/page"}],"author":[{"embeddable":true,"href":"http:\/\/www.fiore.it\/it\/wp-json\/wp\/v2\/users\/1"}],"replies":[{"embeddable":true,"href":"http:\/\/www.fiore.it\/it\/wp-json\/wp\/v2\/comments?post=979"}],"version-history":[{"count":3,"href":"http:\/\/www.fiore.it\/it\/wp-json\/wp\/v2\/pages\/979\/revisions"}],"predecessor-version":[{"id":982,"href":"http:\/\/www.fiore.it\/it\/wp-json\/wp\/v2\/pages\/979\/revisions\/982"}],"wp:attachment":[{"href":"http:\/\/www.fiore.it\/it\/wp-json\/wp\/v2\/media?parent=979"}],"curies":[{"name":"wp","href":"https:\/\/api.w.org\/{rel}","templated":true}]}}